{"id":206,"date":"2020-03-23T11:38:19","date_gmt":"2020-03-23T14:38:19","guid":{"rendered":"https:\/\/demosites.io\/charity-gb\/?page_id=206"},"modified":"2026-04-18T11:56:45","modified_gmt":"2026-04-18T14:56:45","slug":"05700-home","status":"publish","type":"page","link":"https:\/\/www.pratocheio.org.br\/en\/","title":{"rendered":"Prato Cheio Association"},"content":{"rendered":"\n<div id=\"wp-block-themeisle-blocks-advanced-columns-74e240c3\" class=\"wp-block-themeisle-blocks-advanced-columns alignfull has-2-columns has-desktop-oneTwo-layout has-tablet-twoOne-layout has-mobile-collapsedRows-layout has-vertical-unset\"><div class=\"wp-block-themeisle-blocks-advanced-columns-overlay\"><\/div><div class=\"innerblocks-wrap\">\n<div id=\"wp-block-themeisle-blocks-advanced-column-eb046621\" class=\"wp-block-themeisle-blocks-advanced-column\"><div class=\"wp-block-image\">\n<figure class=\"aligncenter size-large is-resized\"><img loading=\"lazy\" decoding=\"async\" width=\"1024\" height=\"1024\" src=\"https:\/\/pratocheio.org.br\/wp-content\/uploads\/2026\/04\/SELO-25-ANOS-1-1024x1024.png\" alt=\"\" class=\"wp-image-9519\" style=\"width:189px;height:auto\" srcset=\"https:\/\/www.pratocheio.org.br\/wp-content\/uploads\/2026\/04\/SELO-25-ANOS-1-1024x1024.png 1024w, https:\/\/www.pratocheio.org.br\/wp-content\/uploads\/2026\/04\/SELO-25-ANOS-1-300x300.png 300w, https:\/\/www.pratocheio.org.br\/wp-content\/uploads\/2026\/04\/SELO-25-ANOS-1-150x150.png 150w, https:\/\/www.pratocheio.org.br\/wp-content\/uploads\/2026\/04\/SELO-25-ANOS-1-768x768.png 768w, https:\/\/www.pratocheio.org.br\/wp-content\/uploads\/2026\/04\/SELO-25-ANOS-1-1536x1536.png 1536w, https:\/\/www.pratocheio.org.br\/wp-content\/uploads\/2026\/04\/SELO-25-ANOS-1-12x12.png 12w, https:\/\/www.pratocheio.org.br\/wp-content\/uploads\/2026\/04\/SELO-25-ANOS-1.png 2000w\" sizes=\"auto, (max-width: 1024px) 100vw, 1024px\" \/><\/figure>\n<\/div>\n\n\n<h4 class=\"wp-block-heading has-white-color has-text-color\">NOSSA MISS\u00c3O<\/h4>\n\n\n\n<h1 id=\"wp-block-themeisle-blocks-advanced-heading-26226abb\" class=\"wp-block-themeisle-blocks-advanced-heading wp-block-themeisle-blocks-advanced-heading-26226abb\"><strong>PROMOVER O ACESSO \u00c0 ALIMENTA\u00c7\u00c3O ADEQUADA E COMBATER O DESPERD\u00cdCIO DE ALIMENTOS<\/strong> <\/h1>\n\n\n\n<p class=\"has-white-color has-text-color has-medium-font-size\"><strong>A Prato Cheio j\u00e1 coletou e doou mais de 6 milh\u00f5es de quilos de alimentos desde a funda\u00e7\u00e3o, h\u00e1 25 anos. Cerca de 33 mil pessoas s\u00e3o beneficiadas diretamente<\/strong><\/p>\n\n\n\n<div style=\"height:20px\" aria-hidden=\"true\" class=\"wp-block-spacer\"><\/div>\n\n\n\n<div id=\"wp-block-themeisle-blocks-button-group-2e442d15\" class=\"wp-block-themeisle-blocks-button-group wp-block-buttons\">\n<div id=\"wp-block-themeisle-blocks-button-95110a6f\" class=\"wp-block-themeisle-blocks-button wp-block-button is-style-fill\"><a href=\"https:\/\/pratocheio.org.br\/como-ajudar\/\" target=\"_self\" rel=\"noopener noreferrer\" class=\"wp-block-button__link\"><span><strong>Apoie A PRATO CHEIO<\/strong><\/span><\/a><\/div>\n<\/div>\n<\/div>\n\n\n\n<div id=\"wp-block-themeisle-blocks-advanced-column-091e0073\" class=\"wp-block-themeisle-blocks-advanced-column\"><\/div>\n<\/div><\/div>\n\n\n\n<div class=\"wp-block-columns is-layout-flex wp-container-core-columns-is-layout-9d6595d7 wp-block-columns-is-layout-flex\">\n<div class=\"wp-block-column is-layout-flow wp-block-column-is-layout-flow\" style=\"flex-basis:100%\">\n<div id=\"wp-block-themeisle-blocks-advanced-columns-1825ad6f\" class=\"wp-block-themeisle-blocks-advanced-columns alignfull has-3-columns has-desktop-equal-layout has-tablet-equal-layout has-mobile-collapsedRows-layout has-vertical-center ticss-b47d0fe5 has-light-bg\"><div class=\"wp-block-themeisle-blocks-advanced-columns-overlay\"><\/div><div class=\"innerblocks-wrap\">\n<div id=\"wp-block-themeisle-blocks-advanced-column-0ab0ecb4\" class=\"wp-block-themeisle-blocks-advanced-column ticss-8f00f45f\">\n<div class=\"wp-block-themeisle-blocks-service\">\n<figure class=\"wp-block-image size-medium is-style-rounded\"><img loading=\"lazy\" decoding=\"async\" width=\"300\" height=\"300\" src=\"https:\/\/pratocheio.org.br\/wp-content\/uploads\/2026\/04\/prato_cheio_mercado_diferente_1nov2023-14-Copia-300x300.jpg\" alt=\"\" class=\"wp-image-9511\" srcset=\"https:\/\/www.pratocheio.org.br\/wp-content\/uploads\/2026\/04\/prato_cheio_mercado_diferente_1nov2023-14-Copia-300x300.jpg 300w, https:\/\/www.pratocheio.org.br\/wp-content\/uploads\/2026\/04\/prato_cheio_mercado_diferente_1nov2023-14-Copia-1024x1024.jpg 1024w, https:\/\/www.pratocheio.org.br\/wp-content\/uploads\/2026\/04\/prato_cheio_mercado_diferente_1nov2023-14-Copia-150x150.jpg 150w, https:\/\/www.pratocheio.org.br\/wp-content\/uploads\/2026\/04\/prato_cheio_mercado_diferente_1nov2023-14-Copia-768x768.jpg 768w, https:\/\/www.pratocheio.org.br\/wp-content\/uploads\/2026\/04\/prato_cheio_mercado_diferente_1nov2023-14-Copia-1536x1536.jpg 1536w, https:\/\/www.pratocheio.org.br\/wp-content\/uploads\/2026\/04\/prato_cheio_mercado_diferente_1nov2023-14-Copia-2048x2048.jpg 2048w, https:\/\/www.pratocheio.org.br\/wp-content\/uploads\/2026\/04\/prato_cheio_mercado_diferente_1nov2023-14-Copia-12x12.jpg 12w\" sizes=\"auto, (max-width: 300px) 100vw, 300px\" \/><\/figure>\n\n\n\n<p id=\"wp-block-themeisle-blocks-advanced-heading-41fb9b74\" class=\"wp-block-themeisle-blocks-advanced-heading wp-block-themeisle-blocks-advanced-heading-41fb9b74\"><strong>Colheita Urbana<\/strong>, tem como base a coleta de alimentos frescos que seriam descartados de<br>forma segura e seu repasse a institui\u00e7\u00f5es de assist\u00eancia social.<\/p>\n<\/div>\n<\/div>\n\n\n\n<div id=\"wp-block-themeisle-blocks-advanced-column-c1d7270c\" class=\"wp-block-themeisle-blocks-advanced-column ticss-81fa5ffa\">\n<figure class=\"wp-block-image size-medium is-style-rounded\"><img loading=\"lazy\" decoding=\"async\" width=\"300\" height=\"300\" src=\"https:\/\/pratocheio.org.br\/wp-content\/uploads\/2026\/04\/quad14-04-16-Oficina-Pascoa-183-300x300.jpg\" alt=\"\" class=\"wp-image-9514\" srcset=\"https:\/\/www.pratocheio.org.br\/wp-content\/uploads\/2026\/04\/quad14-04-16-Oficina-Pascoa-183-300x300.jpg 300w, https:\/\/www.pratocheio.org.br\/wp-content\/uploads\/2026\/04\/quad14-04-16-Oficina-Pascoa-183-1024x1024.jpg 1024w, https:\/\/www.pratocheio.org.br\/wp-content\/uploads\/2026\/04\/quad14-04-16-Oficina-Pascoa-183-150x150.jpg 150w, https:\/\/www.pratocheio.org.br\/wp-content\/uploads\/2026\/04\/quad14-04-16-Oficina-Pascoa-183-768x768.jpg 768w, https:\/\/www.pratocheio.org.br\/wp-content\/uploads\/2026\/04\/quad14-04-16-Oficina-Pascoa-183-1536x1536.jpg 1536w, https:\/\/www.pratocheio.org.br\/wp-content\/uploads\/2026\/04\/quad14-04-16-Oficina-Pascoa-183-2048x2048.jpg 2048w, https:\/\/www.pratocheio.org.br\/wp-content\/uploads\/2026\/04\/quad14-04-16-Oficina-Pascoa-183-12x12.jpg 12w\" sizes=\"auto, (max-width: 300px) 100vw, 300px\" \/><\/figure>\n\n\n\n<p id=\"wp-block-themeisle-blocks-advanced-heading-5f2f388c\" class=\"wp-block-themeisle-blocks-advanced-heading wp-block-themeisle-blocks-advanced-heading-5f2f388c\"><strong>Educa\u00e7\u00e3o e Sistematiza\u00e7\u00e3o do Conhecimento<\/strong>, focado na produ\u00e7\u00e3o de conte\u00fado para<br>diversos p\u00fablicos.<\/p>\n<\/div>\n\n\n\n<div id=\"wp-block-themeisle-blocks-advanced-column-750056d3\" class=\"wp-block-themeisle-blocks-advanced-column ticss-c1430566\">\n<figure class=\"wp-block-image size-medium is-style-rounded\"><img loading=\"lazy\" decoding=\"async\" width=\"300\" height=\"300\" src=\"https:\/\/pratocheio.org.br\/wp-content\/uploads\/2026\/04\/20260418_113656-300x300.jpg\" alt=\"\" class=\"wp-image-9516\" style=\"aspect-ratio:1;object-fit:cover\" srcset=\"https:\/\/www.pratocheio.org.br\/wp-content\/uploads\/2026\/04\/20260418_113656-300x300.jpg 300w, https:\/\/www.pratocheio.org.br\/wp-content\/uploads\/2026\/04\/20260418_113656-1024x1024.jpg 1024w, https:\/\/www.pratocheio.org.br\/wp-content\/uploads\/2026\/04\/20260418_113656-150x150.jpg 150w, https:\/\/www.pratocheio.org.br\/wp-content\/uploads\/2026\/04\/20260418_113656-768x768.jpg 768w, https:\/\/www.pratocheio.org.br\/wp-content\/uploads\/2026\/04\/20260418_113656-1536x1536.jpg 1536w, https:\/\/www.pratocheio.org.br\/wp-content\/uploads\/2026\/04\/20260418_113656-2048x2048.jpg 2048w, https:\/\/www.pratocheio.org.br\/wp-content\/uploads\/2026\/04\/20260418_113656-12x12.jpg 12w\" sizes=\"auto, (max-width: 300px) 100vw, 300px\" \/><\/figure>\n\n\n\n<p id=\"wp-block-themeisle-blocks-advanced-heading-fa4b54f6\" class=\"wp-block-themeisle-blocks-advanced-heading wp-block-themeisle-blocks-advanced-heading-fa4b54f6\"><strong>Inova\u00e7\u00e3o e Desenvolvimento Sustent\u00e1vel<\/strong>, voltado para a promo\u00e7\u00e3o de sistemas<br>alimentares justos e sustent\u00e1veis.<\/p>\n<\/div>\n<\/div><\/div>\n<\/div>\n<\/div>\n\n\n\n<div id=\"wp-block-themeisle-blocks-advanced-columns-31d07b86\" class=\"wp-block-themeisle-blocks-advanced-columns alignfull has-2-columns has-desktop-equal-layout has-tablet-oneTwo-layout has-mobile-collapsedRows-layout has-vertical-unset\"><div class=\"wp-block-themeisle-blocks-advanced-columns-overlay\"><\/div><div class=\"innerblocks-wrap\">\n<div id=\"wp-block-themeisle-blocks-advanced-column-5eb0afca\" class=\"wp-block-themeisle-blocks-advanced-column animated bounce\"><\/div>\n\n\n\n<div id=\"wp-block-themeisle-blocks-advanced-column-940464bb\" class=\"wp-block-themeisle-blocks-advanced-column animated slideInUp has-light-bg\">\n<h3 id=\"wp-block-themeisle-blocks-advanced-heading-2ab26c8e\" class=\"wp-block-themeisle-blocks-advanced-heading wp-block-themeisle-blocks-advanced-heading-2ab26c8e\">QUEM SOMOS<\/h3>\n\n\n\n<p class=\"has-neve-text-color-color has-text-color has-medium-font-size\">Fundada em 2001 por um grupo de universit\u00e1rios que identificou um grande volume de alimentos desperdi\u00e7ados no Mercado Municipal de S\u00e3o Paulo e passou a arrecadar e distribu\u00ed-los para entidades assistenciais. <\/p>\n\n\n\n<div class=\"wp-block-buttons is-layout-flex wp-block-buttons-is-layout-flex\">\n<div class=\"wp-block-button has-custom-width wp-block-button__width-25 is-style-primary\"><a class=\"wp-block-button__link has-nv-site-bg-color has-neve-link-hover-color-background-color has-text-color has-background wp-element-button\" href=\"https:\/\/pratocheio.org.br\/quem-somos\/\">SAIBA MAIS<\/a><\/div>\n<\/div>\n\n\n\n<hr class=\"wp-block-separator has-text-color has-css-opacity has-background is-style-wide\" style=\"background-color:#e5e5e5;color:#e5e5e5\"\/>\n\n\n\n<h3 id=\"wp-block-themeisle-blocks-advanced-heading-2b3257b5\" class=\"wp-block-themeisle-blocks-advanced-heading wp-block-themeisle-blocks-advanced-heading-2b3257b5\">AJUDE!<\/h3>\n\n\n\n<p class=\"has-neve-text-color-color has-text-color\">A partir de R$10,00 voc\u00ea ajuda a completar a alimenta\u00e7\u00e3o de quem precisa.<\/p>\n\n\n\n<div class=\"wp-block-buttons is-layout-flex wp-block-buttons-is-layout-flex\">\n<div class=\"wp-block-button has-custom-width wp-block-button__width-25 is-style-primary\"><a class=\"wp-block-button__link has-nv-site-bg-color has-neve-link-hover-color-background-color has-text-color has-background wp-element-button\" href=\"https:\/\/pratocheio.org.br\/como-ajudar\/\">SAIBA MAIS<\/a><\/div>\n<\/div>\n<\/div>\n<\/div><\/div>\n\n\n\n<div id=\"wp-block-themeisle-blocks-advanced-columns-61e83a14\" class=\"wp-block-themeisle-blocks-advanced-columns alignfull has-1-columns has-desktop-equal-layout has-tablet-equal-layout has-mobile-equal-layout has-vertical-flex-start\"><div class=\"wp-block-themeisle-blocks-advanced-columns-overlay\"><\/div><div class=\"innerblocks-wrap\">\n<div id=\"wp-block-themeisle-blocks-advanced-column-f9c2c965\" class=\"wp-block-themeisle-blocks-advanced-column\">\n<h2 id=\"wp-block-themeisle-blocks-advanced-heading-c7306391\" class=\"wp-block-themeisle-blocks-advanced-heading wp-block-themeisle-blocks-advanced-heading-c7306391\"><strong><mark style=\"background-color:rgba(0, 0, 0, 0)\" class=\"has-inline-color has-nv-site-bg-color\">NOSSO IMPACTO<\/mark> EM 2025<\/strong><\/h2>\n\n\n\n<div class=\"wp-block-group\"><div class=\"wp-block-group__inner-container is-layout-flow wp-block-group-is-layout-flow\">\n<div id=\"wp-block-themeisle-blocks-advanced-columns-9e3350f9\" class=\"wp-block-themeisle-blocks-advanced-columns alignfull has-3-columns has-desktop-equal-layout has-tablet-equal-layout has-mobile-collapsedRows-layout has-vertical-unset\"><div class=\"wp-block-themeisle-blocks-advanced-columns-overlay\"><\/div><div class=\"innerblocks-wrap\">\n<div id=\"wp-block-themeisle-blocks-advanced-column-349ec2ee\" class=\"wp-block-themeisle-blocks-advanced-column\">\n<div class=\"wp-block-group\"><div class=\"wp-block-group__inner-container is-layout-flow wp-block-group-is-layout-flow\">\n<h1 class=\"wp-block-heading has-text-align-center has-neve-link-hover-color-color has-text-color\" style=\"font-size:60px\"><o-anim-count>70<\/o-anim-count><\/h1>\n\n\n\n<h4 class=\"wp-block-heading has-text-align-center\">ENTIDADES ATENDIDAS<\/h4>\n<\/div><\/div>\n<\/div>\n\n\n\n<div id=\"wp-block-themeisle-blocks-advanced-column-2686cfa5\" class=\"wp-block-themeisle-blocks-advanced-column\">\n<div class=\"wp-block-group\"><div class=\"wp-block-group__inner-container is-layout-flow wp-block-group-is-layout-flow\">\n<h1 class=\"wp-block-heading has-text-align-center has-neve-link-hover-color-color has-text-color\" style=\"font-size:60px\">+<o-anim-count>33.000<\/o-anim-count><\/h1>\n\n\n\n<h4 class=\"wp-block-heading has-text-align-center\">PESSOAS ASSISTIDAS<\/h4>\n<\/div><\/div>\n<\/div>\n\n\n\n<div id=\"wp-block-themeisle-blocks-advanced-column-1b306cf4\" class=\"wp-block-themeisle-blocks-advanced-column\">\n<div class=\"wp-block-group\"><div class=\"wp-block-group__inner-container is-layout-flow wp-block-group-is-layout-flow\">\n<h1 class=\"wp-block-heading has-text-align-center has-neve-link-hover-color-color has-text-color\" style=\"font-size:60px\">+<o-anim-count>816<\/o-anim-count><\/h1>\n\n\n\n<h4 class=\"wp-block-heading has-text-align-center\">TONELADAS DE ALIMENTOS DISTRIBUIDOS<\/h4>\n<\/div><\/div>\n<\/div>\n<\/div><\/div>\n<\/div><\/div>\n<\/div>\n<\/div><\/div>\n\n\n\n<div class=\"wp-block-columns is-layout-flex wp-container-core-columns-is-layout-9d6595d7 wp-block-columns-is-layout-flex\">\n<div class=\"wp-block-column is-layout-flow wp-block-column-is-layout-flow\" style=\"flex-basis:100%\">\n<div id=\"wp-block-themeisle-blocks-advanced-columns-ce46362d\" class=\"wp-block-themeisle-blocks-advanced-columns alignfull has-1-columns has-desktop-equal-layout has-tablet-equal-layout has-mobile-equal-layout has-vertical-center ticss-b47d0fe5 has-light-bg\"><div class=\"wp-block-themeisle-blocks-advanced-columns-overlay\"><\/div><div class=\"innerblocks-wrap\">\n<div id=\"wp-block-themeisle-blocks-advanced-column-e994aaed\" class=\"wp-block-themeisle-blocks-advanced-column\">\n<h1 class=\"wp-block-heading has-text-align-center\">NOSSOS PATROCINADORES<\/h1>\n\n\n\n<div id=\"wp-block-themeisle-blocks-slider-6f7a8df4\" class=\"wp-block-themeisle-blocks-slider alignfull glide\" data-per-view=\"4\" data-gap=\"0\" data-peek=\"0\" data-autoplay=\"true\" data-height=\"200px\" data-hide-arrows=\"true\" data-transition=\"linear\"><div class=\"glide__track\" data-glide-el=\"track\"><div class=\"glide__slides\"><div class=\"wp-block-themeisle-blocks-slider-item-wrapper glide__slide\" tabindex=\"0\"><figure><img decoding=\"async\" class=\"wp-block-themeisle-blocks-slider-item\" src=\"https:\/\/pratocheio.org.br\/wp-content\/uploads\/2025\/01\/4.png\" alt=\"\" title=\"\" data-id=\"9390\"\/><\/figure><\/div><div class=\"wp-block-themeisle-blocks-slider-item-wrapper glide__slide\" tabindex=\"0\"><figure><img decoding=\"async\" class=\"wp-block-themeisle-blocks-slider-item\" src=\"https:\/\/pratocheio.org.br\/wp-content\/uploads\/2025\/01\/5.png\" alt=\"\" title=\"\" data-id=\"9393\"\/><\/figure><\/div><div class=\"wp-block-themeisle-blocks-slider-item-wrapper glide__slide\" tabindex=\"0\"><figure><img decoding=\"async\" class=\"wp-block-themeisle-blocks-slider-item\" src=\"https:\/\/pratocheio.org.br\/wp-content\/uploads\/2025\/01\/7.png\" alt=\"\" title=\"\" data-id=\"9396\"\/><\/figure><\/div><div class=\"wp-block-themeisle-blocks-slider-item-wrapper glide__slide\" tabindex=\"0\"><figure><img decoding=\"async\" class=\"wp-block-themeisle-blocks-slider-item\" src=\"https:\/\/pratocheio.org.br\/wp-content\/uploads\/2025\/01\/8.png\" alt=\"\" title=\"\" data-id=\"9397\"\/><\/figure><\/div><div class=\"wp-block-themeisle-blocks-slider-item-wrapper glide__slide\" tabindex=\"0\"><figure><img decoding=\"async\" class=\"wp-block-themeisle-blocks-slider-item\" src=\"https:\/\/pratocheio.org.br\/wp-content\/uploads\/2025\/01\/9.png\" alt=\"\" title=\"\" data-id=\"9398\"\/><\/figure><\/div><div class=\"wp-block-themeisle-blocks-slider-item-wrapper glide__slide\" tabindex=\"0\"><figure><img decoding=\"async\" class=\"wp-block-themeisle-blocks-slider-item\" src=\"https:\/\/pratocheio.org.br\/wp-content\/uploads\/2025\/01\/10.png\" alt=\"\" title=\"\" data-id=\"9402\"\/><\/figure><\/div><div class=\"wp-block-themeisle-blocks-slider-item-wrapper glide__slide\" tabindex=\"0\"><figure><img decoding=\"async\" class=\"wp-block-themeisle-blocks-slider-item\" src=\"https:\/\/pratocheio.org.br\/wp-content\/uploads\/2025\/01\/11.png\" alt=\"\" title=\"\" data-id=\"9403\"\/><\/figure><\/div><div class=\"wp-block-themeisle-blocks-slider-item-wrapper glide__slide\" tabindex=\"0\"><figure><img decoding=\"async\" class=\"wp-block-themeisle-blocks-slider-item\" src=\"https:\/\/pratocheio.org.br\/wp-content\/uploads\/2025\/01\/1.png\" alt=\"\" title=\"\" data-id=\"9410\"\/><\/figure><\/div><div class=\"wp-block-themeisle-blocks-slider-item-wrapper glide__slide\" tabindex=\"0\"><figure><img decoding=\"async\" class=\"wp-block-themeisle-blocks-slider-item\" src=\"https:\/\/pratocheio.org.br\/wp-content\/uploads\/2025\/01\/12-1.png\" alt=\"\" title=\"\" data-id=\"9413\"\/><\/figure><\/div><div class=\"wp-block-themeisle-blocks-slider-item-wrapper glide__slide\" tabindex=\"0\"><figure><img decoding=\"async\" class=\"wp-block-themeisle-blocks-slider-item\" src=\"https:\/\/pratocheio.org.br\/wp-content\/uploads\/2025\/01\/13-1.png\" alt=\"\" title=\"\" data-id=\"9414\"\/><\/figure><\/div><div class=\"wp-block-themeisle-blocks-slider-item-wrapper glide__slide\" tabindex=\"0\"><figure><img decoding=\"async\" class=\"wp-block-themeisle-blocks-slider-item\" src=\"https:\/\/pratocheio.org.br\/wp-content\/uploads\/2025\/01\/2-1.png\" alt=\"\" title=\"\" data-id=\"9416\"\/><\/figure><\/div><div class=\"wp-block-themeisle-blocks-slider-item-wrapper glide__slide\" tabindex=\"0\"><figure><img decoding=\"async\" class=\"wp-block-themeisle-blocks-slider-item\" src=\"https:\/\/pratocheio.org.br\/wp-content\/uploads\/2025\/01\/3-1.png\" alt=\"\" title=\"\" data-id=\"9417\"\/><\/figure><\/div><div class=\"wp-block-themeisle-blocks-slider-item-wrapper glide__slide\" tabindex=\"0\"><figure><img decoding=\"async\" class=\"wp-block-themeisle-blocks-slider-item\" src=\"https:\/\/pratocheio.org.br\/wp-content\/uploads\/2025\/01\/6-1.png\" alt=\"\" title=\"\" data-id=\"9418\"\/><\/figure><\/div><\/div><div class=\"glide__bullets\" data-glide-el=\"controls[nav]\"><button class=\"glide__bullet\" data-glide-dir=\"=0\"><\/button><button class=\"glide__bullet\" data-glide-dir=\"=1\"><\/button><button class=\"glide__bullet\" data-glide-dir=\"=2\"><\/button><button class=\"glide__bullet\" data-glide-dir=\"=3\"><\/button><button class=\"glide__bullet\" data-glide-dir=\"=4\"><\/button><button class=\"glide__bullet\" data-glide-dir=\"=5\"><\/button><button class=\"glide__bullet\" data-glide-dir=\"=6\"><\/button><button class=\"glide__bullet\" data-glide-dir=\"=7\"><\/button><button class=\"glide__bullet\" data-glide-dir=\"=8\"><\/button><button class=\"glide__bullet\" data-glide-dir=\"=9\"><\/button><button class=\"glide__bullet\" data-glide-dir=\"=10\"><\/button><button class=\"glide__bullet\" data-glide-dir=\"=11\"><\/button><button class=\"glide__bullet\" data-glide-dir=\"=12\"><\/button><\/div><\/div><\/div>\n<\/div>\n<\/div><\/div>\n<\/div>\n<\/div>\n","protected":false},"excerpt":{"rendered":"","protected":false},"author":1,"featured_media":0,"parent":0,"menu_order":0,"comment_status":"closed","ping_status":"closed","template":"","meta":{"neve_meta_sidebar":"full-width","neve_meta_container":"contained","neve_meta_enable_content_width":"on","neve_meta_content_width":100,"neve_meta_title_alignment":"","neve_meta_author_avatar":"","neve_post_elements_order":"","neve_meta_disable_header":"","neve_meta_disable_footer":"","neve_meta_disable_title":"on","_themeisle_gutenberg_block_has_review":false,"footnotes":""},"class_list":["post-206","page","type-page","status-publish","hentry"],"_links":{"self":[{"href":"https:\/\/www.pratocheio.org.br\/en\/wp-json\/wp\/v2\/pages\/206","targetHints":{"allow":["GET"]}}],"collection":[{"href":"https:\/\/www.pratocheio.org.br\/en\/wp-json\/wp\/v2\/pages"}],"about":[{"href":"https:\/\/www.pratocheio.org.br\/en\/wp-json\/wp\/v2\/types\/page"}],"author":[{"embeddable":true,"href":"https:\/\/www.pratocheio.org.br\/en\/wp-json\/wp\/v2\/users\/1"}],"replies":[{"embeddable":true,"href":"https:\/\/www.pratocheio.org.br\/en\/wp-json\/wp\/v2\/comments?post=206"}],"version-history":[{"count":89,"href":"https:\/\/www.pratocheio.org.br\/en\/wp-json\/wp\/v2\/pages\/206\/revisions"}],"predecessor-version":[{"id":9521,"href":"https:\/\/www.pratocheio.org.br\/en\/wp-json\/wp\/v2\/pages\/206\/revisions\/9521"}],"wp:attachment":[{"href":"https:\/\/www.pratocheio.org.br\/en\/wp-json\/wp\/v2\/media?parent=206"}],"curies":[{"name":"wp","href":"https:\/\/api.w.org\/{rel}","templated":true}]}}