{"id":4817,"date":"2022-02-15T12:55:30","date_gmt":"2022-02-15T15:55:30","guid":{"rendered":"https:\/\/pratocheio.org.br\/?page_id=4817"},"modified":"2023-05-12T16:27:10","modified_gmt":"2023-05-12T19:27:10","slug":"doacao-confirmada","status":"publish","type":"page","link":"https:\/\/www.pratocheio.org.br\/en\/como-ajudar\/doacao-confirmada\/","title":{"rendered":"Doa\u00e7\u00e3o Confirmada"},"content":{"rendered":"<div class=\"wp-block-themeisle-blocks-advanced-columns has-1-columns has-desktop-equal-layout has-tablet-equal-layout has-mobile-equal-layout has-default-gap has-vertical-unset\" id=\"wp-block-themeisle-blocks-advanced-columns-9cb35380\"><div class=\"wp-block-themeisle-blocks-advanced-columns-overlay\"><\/div><div class=\"innerblocks-wrap\">\n<div class=\"wp-block-themeisle-blocks-advanced-column\" id=\"wp-block-themeisle-blocks-advanced-column-6ca21dbd\">\n<h2 class=\"has-text-align-center wp-block-heading\" id=\"sua-doacao-esta-sendo-processada\">Sua doa\u00e7\u00e3o est\u00e1 sendo processada!<\/h2>\n\n\n\n<h2 class=\"has-text-align-center wp-block-heading\" id=\"obrigado-por-ajudar-a-causa-da-alimentacao-no-brasil\">Obrigado por ajudar a causa da alimenta\u00e7\u00e3o no Brasil!<\/h2>\n<\/div>\n<\/div><\/div>","protected":false},"excerpt":{"rendered":"","protected":false},"author":1,"featured_media":0,"parent":3799,"menu_order":1,"comment_status":"closed","ping_status":"closed","template":"","meta":{"neve_meta_sidebar":"full-width","neve_meta_container":"","neve_meta_enable_content_width":"on","neve_meta_content_width":100,"neve_meta_title_alignment":"","neve_meta_author_avatar":"","neve_post_elements_order":"","neve_meta_disable_header":"","neve_meta_disable_footer":"","neve_meta_disable_title":"","_themeisle_gutenberg_block_has_review":false,"footnotes":""},"class_list":["post-4817","page","type-page","status-publish","hentry"],"_links":{"self":[{"href":"https:\/\/www.pratocheio.org.br\/en\/wp-json\/wp\/v2\/pages\/4817","targetHints":{"allow":["GET"]}}],"collection":[{"href":"https:\/\/www.pratocheio.org.br\/en\/wp-json\/wp\/v2\/pages"}],"about":[{"href":"https:\/\/www.pratocheio.org.br\/en\/wp-json\/wp\/v2\/types\/page"}],"author":[{"embeddable":true,"href":"https:\/\/www.pratocheio.org.br\/en\/wp-json\/wp\/v2\/users\/1"}],"replies":[{"embeddable":true,"href":"https:\/\/www.pratocheio.org.br\/en\/wp-json\/wp\/v2\/comments?post=4817"}],"version-history":[{"count":2,"href":"https:\/\/www.pratocheio.org.br\/en\/wp-json\/wp\/v2\/pages\/4817\/revisions"}],"predecessor-version":[{"id":8969,"href":"https:\/\/www.pratocheio.org.br\/en\/wp-json\/wp\/v2\/pages\/4817\/revisions\/8969"}],"up":[{"embeddable":true,"href":"https:\/\/www.pratocheio.org.br\/en\/wp-json\/wp\/v2\/pages\/3799"}],"wp:attachment":[{"href":"https:\/\/www.pratocheio.org.br\/en\/wp-json\/wp\/v2\/media?parent=4817"}],"curies":[{"name":"wp","href":"https:\/\/api.w.org\/{rel}","templated":true}]}}